{"id":84,"date":"2020-02-11T21:00:10","date_gmt":"2020-02-11T21:00:10","guid":{"rendered":"http:\/\/imkerei-kolditz.de\/?page_id=84"},"modified":"2020-12-18T17:47:03","modified_gmt":"2020-12-18T17:47:03","slug":"produkte","status":"publish","type":"page","link":"https:\/\/imkerei-kolditz.de\/?page_id=84","title":{"rendered":"Produkte"},"content":{"rendered":"\n<p>Neben Honig kann man auch Pollen und Met bei uns erwerben. <\/p>\n\n\n\n<p>Je nach Verf\u00fcgbarkeit gibt es bei uns folgende Honigsorten zu kaufen:<\/p>\n\n\n\n<p><strong>Bl\u00fctenallerlei<\/strong><br>Heller, mildaromatischer Bio-Fr\u00fchjahrsbl\u00fctenhonig aus Obst-, L\u00f6wenzahn- und Rapsbl\u00fcte. Cremig ger\u00fchrt.<br>250g ____4,50\u20ac<br>500g ____7,00\u20ac<br>2500g __28,00\u20ac<\/p>\n\n\n\n<p><strong>Sommertraum<\/strong><br>S\u00fc\u00df-fruchtiger Bio-Sommerhonig aus Linden-, Brombeer-, Kleebl\u00fcten- und Blatthonigen. Diesen Honig gibt es als cremigen und fl\u00fcssigen Honig.<br>250g_____5,00\u20ac<br>500g_____7,50\u20ac<\/p>\n\n\n\n<p><strong>Waldgefl\u00fcster<\/strong><br>Bio-Honig aus Honigtau und Sommertracht mit kr\u00e4ftig w\u00fcrzigem Malzgeschmack. Ein Honig aus allem, was die Bienen im Wald sammeln k\u00f6nnen. Diesen Honig bieten wir meist in fl\u00fcssiger Form an.<br>250g_____5,50\u20ac<br>500g_____8,00\u20ac<\/p>\n\n\n\n<p><strong>Pollen<\/strong><br>Unsere Pollen werden vor allem im Fr\u00fchjahr geerntet. Die Bienen sammeln ihn vor allem von L\u00f6wenzahn, Obstb\u00e4ume, Weide, aber auch vielen anderen Bl\u00fcten. Der Pollen wird getrocknet und eignet sich hervorragend als Nahrungserg\u00e4nzungsmittel &#8211; pur oder als Zugabe in Salat und M\u00fcsli.<br>125g_____8,50\u20ac<br>250g____14,50\u20ac<\/p>\n\n\n\n<p><strong>Honig3erlei<br><\/strong>3 verschiedene Sorten Bio-Honig<br>3x125g__9,50\u20ac<\/p>\n\n\n\n<p>Es sind nicht immer alle Honigsorten verf\u00fcgbar. Wir bitten um Ihr Verst\u00e4ndnis.<\/p>\n\n\n\n<p> \u00d6kokontrollstelle DE-\u00d6KO-037 <\/p>\n","protected":false},"excerpt":{"rendered":"<div class=\"entry-summary\">\nNeben Honig kann man auch Pollen und Met bei uns erwerben. Je&hellip;\n<\/div>\n<div class=\"link-more\"><a href=\"https:\/\/imkerei-kolditz.de\/?page_id=84\" class=\"more-link\">Continue reading<span class=\"screen-reader-text\"> &ldquo;Produkte&rdquo;<\/span>&hellip;<\/a><\/div>\n","protected":false},"author":1,"featured_media":86,"parent":0,"menu_order":0,"comment_status":"closed","ping_status":"closed","template":"","meta":[],"_links":{"self":[{"href":"https:\/\/imkerei-kolditz.de\/index.php?rest_route=\/wp\/v2\/pages\/84"}],"collection":[{"href":"https:\/\/imkerei-kolditz.de\/index.php?rest_route=\/wp\/v2\/pages"}],"about":[{"href":"https:\/\/imkerei-kolditz.de\/index.php?rest_route=\/wp\/v2\/types\/page"}],"author":[{"embeddable":true,"href":"https:\/\/imkerei-kolditz.de\/index.php?rest_route=\/wp\/v2\/users\/1"}],"replies":[{"embeddable":true,"href":"https:\/\/imkerei-kolditz.de\/index.php?rest_route=%2Fwp%2Fv2%2Fcomments&post=84"}],"version-history":[{"count":7,"href":"https:\/\/imkerei-kolditz.de\/index.php?rest_route=\/wp\/v2\/pages\/84\/revisions"}],"predecessor-version":[{"id":115,"href":"https:\/\/imkerei-kolditz.de\/index.php?rest_route=\/wp\/v2\/pages\/84\/revisions\/115"}],"wp:featuredmedia":[{"embeddable":true,"href":"https:\/\/imkerei-kolditz.de\/index.php?rest_route=\/wp\/v2\/media\/86"}],"wp:attachment":[{"href":"https:\/\/imkerei-kolditz.de\/index.php?rest_route=%2Fwp%2Fv2%2Fmedia&parent=84"}],"curies":[{"name":"wp","href":"https:\/\/api.w.org\/{rel}","templated":true}]}}