{"id":62,"date":"2020-02-11T19:38:08","date_gmt":"2020-02-11T19:38:08","guid":{"rendered":"http:\/\/imkerei-kolditz.de\/?page_id=62"},"modified":"2020-09-15T15:38:44","modified_gmt":"2020-09-15T15:38:44","slug":"oekologische-bienenhaltung","status":"publish","type":"page","link":"https:\/\/imkerei-kolditz.de\/?page_id=62","title":{"rendered":"\u00d6kologische Bienenhaltung"},"content":{"rendered":"\n<p>Den Bienenflug kann man nicht kontrollieren. Nur wenn ein Umkreis von mindestens 5 km frei von konventionell-landwirtschaftlichen Fl\u00e4chen ist, kann man davon ausgehen, dass auch nur von \u00f6kologisch bewirtschafteten Fl\u00e4chen gesammelt wurde. Unm\u00f6glich! Aber in der \u00f6kologischen Bienenhaltung geht es nicht nur um die Reinheit des Honigs, sondern um eine Gesamtbetrachtung des Umgangs mit Tieren, Pflanzen und Ressourcen.<\/p>\n\n\n\n<p>Das hei\u00dft ganz allgemein:<\/p>\n\n\n\n<ul><li>mit Tieren, Pflanzen und der ganzen Natur respektvoll und entsprechend ihrem Wesen umzugehen<\/li><li>Ressourcen zu schonen und nicht verschwenderisch zu sein<\/li><li>Energie zu sparen und emissionsarme Energien nutzen<\/li><li>zu versuchen, die Natur nicht zu sch\u00e4digen oder gar zu zerst\u00f6ren<\/li><li>m\u00f6glichst wenig k\u00fcnstliche Stoffe in die nat\u00fcrlichen Kreisl\u00e4ufe einzubringen<\/li><li>die nat\u00fcrliche Vielfalt an Arten und Lebensformen zu erhalten<\/li><li>einfach mal etwas weiter zu denken als bis zur n\u00e4chsten Ernte<\/li><\/ul>\n\n\n\n<p>Die wichtigsten Unterschiede zur konventionellen Bienenhaltung:<\/p>\n\n\n\n<ul><li>an die Region angepasste Bienenrasse (Apis mellifera carnica)<\/li><li>Standortwahl nach \u00f6kologischen Gesichtspunkten<ul><li>keine Gentechnik<\/li><li>m\u00f6glichst geringe Belastung durch Chemikalien auf Agrarfl\u00e4chen in der N\u00e4he<\/li><li>m\u00f6glichst viele nat\u00fcrliche Trachtquellen<\/li><\/ul><\/li><li>\u00dcberwinterung der Bienen auf eigenem Honig oder \u00f6kologisch erzeugtem Futter (Bio-Zucker)<\/li><li>Behandlung gegen die Varroamilbe nur mit organischen S\u00e4uren (Ameisen-, Milch- und Oxals\u00e4ure), welche keine R\u00fcckst\u00e4nde in Wachs und Honig hinterlassen<\/li><li>kein Verst\u00fcmmeln der K\u00f6nigin (Beschneiden der Fl\u00fcgel)<\/li><li>Bienenbeuten aus nat\u00fcrlichem Material (Holz)<\/li><li>Mittelw\u00e4nde nur aus \u00f6kologischer Produktion und vor allem eigenen Wachs<\/li><li>keine k\u00fcnstliche Besamung der K\u00f6niginnen<\/li><\/ul>\n\n\n\n<p>Wir haben einen Punkt erg\u00e4nzt: wir machen &#8222;Honig mit Herz&#8220;. Wir betreiben unsere Hobby-Imkerei mit sehr viel Herzblut und Engagement. Unsere eigene Faszination an den Bienen versuchen wir an andere weiterzugeben.<\/p>\n\n\n\n<p> \u00d6kokontrollstelle DE-\u00d6KO-037 <\/p>\n","protected":false},"excerpt":{"rendered":"<div class=\"entry-summary\">\nDen Bienenflug kann man nicht kontrollieren. Nur wenn ein Umkreis von mindestens&hellip;\n<\/div>\n<div class=\"link-more\"><a href=\"https:\/\/imkerei-kolditz.de\/?page_id=62\" class=\"more-link\">Continue reading<span class=\"screen-reader-text\"> &ldquo;\u00d6kologische Bienenhaltung&rdquo;<\/span>&hellip;<\/a><\/div>\n","protected":false},"author":1,"featured_media":64,"parent":0,"menu_order":0,"comment_status":"closed","ping_status":"closed","template":"","meta":[],"_links":{"self":[{"href":"https:\/\/imkerei-kolditz.de\/index.php?rest_route=\/wp\/v2\/pages\/62"}],"collection":[{"href":"https:\/\/imkerei-kolditz.de\/index.php?rest_route=\/wp\/v2\/pages"}],"about":[{"href":"https:\/\/imkerei-kolditz.de\/index.php?rest_route=\/wp\/v2\/types\/page"}],"author":[{"embeddable":true,"href":"https:\/\/imkerei-kolditz.de\/index.php?rest_route=\/wp\/v2\/users\/1"}],"replies":[{"embeddable":true,"href":"https:\/\/imkerei-kolditz.de\/index.php?rest_route=%2Fwp%2Fv2%2Fcomments&post=62"}],"version-history":[{"count":3,"href":"https:\/\/imkerei-kolditz.de\/index.php?rest_route=\/wp\/v2\/pages\/62\/revisions"}],"predecessor-version":[{"id":107,"href":"https:\/\/imkerei-kolditz.de\/index.php?rest_route=\/wp\/v2\/pages\/62\/revisions\/107"}],"wp:featuredmedia":[{"embeddable":true,"href":"https:\/\/imkerei-kolditz.de\/index.php?rest_route=\/wp\/v2\/media\/64"}],"wp:attachment":[{"href":"https:\/\/imkerei-kolditz.de\/index.php?rest_route=%2Fwp%2Fv2%2Fmedia&parent=62"}],"curies":[{"name":"wp","href":"https:\/\/api.w.org\/{rel}","templated":true}]}}